{"id":3765,"date":"2026-02-09T09:35:23","date_gmt":"2026-02-09T08:35:23","guid":{"rendered":"https:\/\/toolboxb2b.com\/wenn-automatisierung-zu-skalierbarkeit-wird\/"},"modified":"2026-03-18T17:32:35","modified_gmt":"2026-03-18T16:32:35","slug":"wenn-automatisierung-zu-skalierbarkeit-wird","status":"publish","type":"page","link":"https:\/\/toolboxb2b.com\/de\/akademie\/automatisierung\/b2b-vertriebsprozessautomatisierung-ein-vollstaendiger-leitfaden\/wenn-automatisierung-zu-skalierbarkeit-wird\/","title":{"rendered":"Wenn Automatisierung zu Skalierbarkeit wird"},"content":{"rendered":"<style>.kb-row-layout-id3765_8c4441-8e > .kt-row-column-wrap{align-content:start;}:where(.kb-row-layout-id3765_8c4441-8e > .kt-row-column-wrap) > .wp-block-kadence-column{justify-content:start;}.kb-row-layout-id3765_8c4441-8e > .kt-row-column-wrap{column-gap:var(--global-kb-gap-md, 2rem);row-gap:var(--global-kb-gap-md, 2rem);padding-top:var(--global-kb-spacing-3xl, 6.5rem);padding-right:var(--global-kb-spacing-xl, 4rem);padding-bottom:var(--global-kb-spacing-3xl, 6.5rem);padding-left:var(--global-kb-spacing-xl, 4rem);grid-template-columns:minmax(0, 1fr);}.kb-row-layout-id3765_8c4441-8e > .kt-row-layout-overlay{opacity:0.30;}@media all and (max-width: 1024px){.kb-row-layout-id3765_8c4441-8e > .kt-row-column-wrap{grid-template-columns:minmax(0, 1fr);}}@media all and (max-width: 767px){.kb-row-layout-id3765_8c4441-8e > .kt-row-column-wrap{grid-template-columns:minmax(0, 1fr);}}<\/style><div class=\"kb-row-layout-wrap kb-row-layout-id3765_8c4441-8e alignnone wp-block-kadence-rowlayout\"><div class=\"kt-blocks-carousel kb-blocks-bg-slider kt-carousel-container-dotstyle-dark\"><div class=\"kt-blocks-carousel-init splide kb-blocks-bg-slider-init kt-carousel-arrowstyle-none kt-carousel-dotstyle-dark\" data-slider-anim-speed=\"400\" data-slider-type=\"slider\" data-slider-scroll=\"1\" data-slider-arrows=\"false\" data-slider-fade=\"true\" data-slider-dots=\"true\" data-slider-hover-pause=\"false\" data-slider-auto=\"true\" data-slider-speed=\"7000\" data-show-pause-button=\"false\"><div class=\"splide__track\"><ul class=\"splide__list\"><li class=\"splide__slide kb-bg-slide-contain\"><div  class=\"kb-bg-slide kb-bg-slide-0\" style=\"background-image:url(https:\/\/toolboxb2b.com\/wp-content\/uploads\/sfondo-toolbox-2.jpg); background-size:cover; background-position:center center; background-repeat:no-repeat;\"><\/div><\/li><\/ul><\/div><\/div><\/div><div class=\"kt-row-column-wrap kt-has-1-columns kt-row-layout-equal kt-tab-layout-inherit kt-mobile-layout-row kt-row-valign-top\">\n<style>.kadence-column3765_1774a0-80 > .kt-inside-inner-col,.kadence-column3765_1774a0-80 > .kt-inside-inner-col:before{border-top-left-radius:0px;border-top-right-radius:0px;border-bottom-right-radius:0px;border-bottom-left-radius:0px;}.kadence-column3765_1774a0-80 > .kt-inside-inner-col{column-gap:var(--global-kb-gap-sm, 1rem);}.kadence-column3765_1774a0-80 > .kt-inside-inner-col{flex-direction:column;}.kadence-column3765_1774a0-80 > .kt-inside-inner-col > .aligncenter{width:100%;}.kadence-column3765_1774a0-80 > .kt-inside-inner-col:before{opacity:0.3;}.kadence-column3765_1774a0-80{position:relative;}@media all and (max-width: 1024px){.kadence-column3765_1774a0-80 > .kt-inside-inner-col{flex-direction:column;justify-content:center;}}@media all and (max-width: 767px){.kadence-column3765_1774a0-80 > .kt-inside-inner-col{flex-direction:column;justify-content:center;}}<\/style>\n<div class=\"wp-block-kadence-column kadence-column3765_1774a0-80\"><div class=\"kt-inside-inner-col\"><style>.wp-block-kadence-advancedheading.kt-adv-heading3765_ef23d5-04, .wp-block-kadence-advancedheading.kt-adv-heading3765_ef23d5-04[data-kb-block=\"kb-adv-heading3765_ef23d5-04\"]{text-align:center;font-style:normal;}.wp-block-kadence-advancedheading.kt-adv-heading3765_ef23d5-04 mark.kt-highlight, .wp-block-kadence-advancedheading.kt-adv-heading3765_ef23d5-04[data-kb-block=\"kb-adv-heading3765_ef23d5-04\"] mark.kt-highlight{font-style:normal;color:#f76a0c;-webkit-box-decoration-break:clone;box-decoration-break:clone;padding-top:0px;padding-right:0px;padding-bottom:0px;padding-left:0px;}.wp-block-kadence-advancedheading.kt-adv-heading3765_ef23d5-04 img.kb-inline-image, .wp-block-kadence-advancedheading.kt-adv-heading3765_ef23d5-04[data-kb-block=\"kb-adv-heading3765_ef23d5-04\"] img.kb-inline-image{width:150px;vertical-align:baseline;}<\/style>\n<h1 class=\"kt-adv-heading3765_ef23d5-04 wp-block-kadence-advancedheading\" data-kb-block=\"kb-adv-heading3765_ef23d5-04\"><strong><strong>Wenn Automatisierung zu Skalierbarkeit wird<\/strong><\/strong><\/h1>\n<\/div><\/div>\n\n<\/div><\/div>\n\n<style>.kb-row-layout-id3765_9e161c-3a > .kt-row-column-wrap{align-content:start;}:where(.kb-row-layout-id3765_9e161c-3a > .kt-row-column-wrap) > .wp-block-kadence-column{justify-content:start;}.kb-row-layout-id3765_9e161c-3a > .kt-row-column-wrap{column-gap:var(--global-kb-gap-md, 2rem);row-gap:var(--global-kb-gap-md, 2rem);padding-top:var(--global-kb-spacing-sm, 1.5rem);padding-bottom:var(--global-kb-spacing-sm, 1.5rem);grid-template-columns:minmax(0, 1fr);}.kb-row-layout-id3765_9e161c-3a > .kt-row-layout-overlay{opacity:0.30;}@media all and (max-width: 1024px){.kb-row-layout-id3765_9e161c-3a > .kt-row-column-wrap{grid-template-columns:minmax(0, 1fr);}}@media all and (max-width: 767px){.kb-row-layout-id3765_9e161c-3a > .kt-row-column-wrap{grid-template-columns:minmax(0, 1fr);}}<\/style><div class=\"kb-row-layout-wrap kb-row-layout-id3765_9e161c-3a alignnone wp-block-kadence-rowlayout\"><div class=\"kt-row-column-wrap kt-has-1-columns kt-row-layout-equal kt-tab-layout-inherit kt-mobile-layout-row kt-row-valign-top\">\n<style>.kadence-column3765_40f675-0f > .kt-inside-inner-col,.kadence-column3765_40f675-0f > .kt-inside-inner-col:before{border-top-left-radius:0px;border-top-right-radius:0px;border-bottom-right-radius:0px;border-bottom-left-radius:0px;}.kadence-column3765_40f675-0f > .kt-inside-inner-col{column-gap:var(--global-kb-gap-sm, 1rem);}.kadence-column3765_40f675-0f > .kt-inside-inner-col{flex-direction:column;}.kadence-column3765_40f675-0f > .kt-inside-inner-col > .aligncenter{width:100%;}.kadence-column3765_40f675-0f > .kt-inside-inner-col:before{opacity:0.3;}.kadence-column3765_40f675-0f{position:relative;}@media all and (max-width: 1024px){.kadence-column3765_40f675-0f > .kt-inside-inner-col{flex-direction:column;justify-content:center;}}@media all and (max-width: 767px){.kadence-column3765_40f675-0f > .kt-inside-inner-col{flex-direction:column;justify-content:center;}}<\/style>\n<div class=\"wp-block-kadence-column kadence-column3765_40f675-0f\"><div class=\"kt-inside-inner-col\">\n<p>Im B2B-Bereich bringt Wachstum Komplexit\u00e4t mit sich. Mehr Kunden, mehr Auftr\u00e4ge, mehr Variablen. Ohne Automatisierung wird die Skalierung schwierig.  <\/p>\n\n\n\n<h2 class=\"wp-block-heading\"><strong>Automatisierung als Grundlage f\u00fcr Wachstum<\/strong><\/h2>\n\n\n\n<p>Automatisierung macht es m\u00f6glich<\/p>\n\n\n\n<ul class=\"wp-block-list\">\n<li>Handhabung gr\u00f6\u00dferer Mengen<\/li>\n\n\n\n<li>Aufrechterhaltung von Qualit\u00e4t und Kontrolle<\/li>\n\n\n\n<li>einen proportionalen Anstieg der Kosten zu vermeiden<\/li>\n<\/ul>\n\n\n\n<h2 class=\"wp-block-heading\"><strong>Von der Kontrolle zur Vorhersage<\/strong><\/h2>\n\n\n\n<p>Mit automatisierten Prozessen ist es einfacher:<\/p>\n\n\n\n<ul class=\"wp-block-list\">\n<li>Daten auswerten<\/li>\n\n\n\n<li>Ineffizienzen identifizieren<\/li>\n\n\n\n<li>Planung von Wachstum<\/li>\n<\/ul>\n\n\n\n<h2 class=\"wp-block-heading\"><strong>Fazit<\/strong><\/h2>\n\n\n\n<p>Automatisierung bedeutet nicht nur, heute besser zu arbeiten, sondern auch, morgen zu wachsen, ohne an Effizienz zu verlieren.<\/p>\n<\/div><\/div>\n\n<\/div><\/div>\n\n\n\n<style>.wp-block-kadence-advancedheading.kt-adv-heading3765_a0dfad-06, .wp-block-kadence-advancedheading.kt-adv-heading3765_a0dfad-06[data-kb-block=\"kb-adv-heading3765_a0dfad-06\"]{font-style:normal;}.wp-block-kadence-advancedheading.kt-adv-heading3765_a0dfad-06 mark.kt-highlight, .wp-block-kadence-advancedheading.kt-adv-heading3765_a0dfad-06[data-kb-block=\"kb-adv-heading3765_a0dfad-06\"] mark.kt-highlight{font-style:normal;color:#f76a0c;-webkit-box-decoration-break:clone;box-decoration-break:clone;padding-top:0px;padding-right:0px;padding-bottom:0px;padding-left:0px;}.wp-block-kadence-advancedheading.kt-adv-heading3765_a0dfad-06 img.kb-inline-image, .wp-block-kadence-advancedheading.kt-adv-heading3765_a0dfad-06[data-kb-block=\"kb-adv-heading3765_a0dfad-06\"] img.kb-inline-image{width:150px;vertical-align:baseline;}<\/style>\n<h2 class=\"kt-adv-heading3765_a0dfad-06 wp-block-kadence-advancedheading\" data-kb-block=\"kb-adv-heading3765_a0dfad-06\"><strong>Mehr lesen<\/strong><\/h2>\n\n\n\n<div class=\"wp-block-query is-layout-flow wp-block-query-is-layout-flow\"><ul class=\"wp-block-post-template is-layout-flow wp-block-post-template-is-layout-flow\"><li class=\"wp-block-post post-3774 page type-page status-publish hentry\">\n<h5 style=\"line-height:1.5;text-decoration:underline; padding-top:var(--wp--preset--spacing--30);padding-bottom:var(--wp--preset--spacing--30);padding-left:var(--wp--preset--spacing--50);padding-right:var(--wp--preset--spacing--50);\" class=\"has-link-color wp-elements-6059ad9495184536815c35f3e2e46a20 wp-block-post-title\"><a href=\"https:\/\/toolboxb2b.com\/de\/akademie\/automatisierung\/b2b-vertriebsprozessautomatisierung-ein-vollstaendiger-leitfaden\/automatisierung-im-b2b-welche-prozesse-sind-wirklich-sinnvoll-zu-automatisieren\/\" target=\"_self\" >Automatisierung im B2B: Welche Prozesse sind wirklich sinnvoll zu automatisieren?<\/a><\/h5>\n<\/li><li class=\"wp-block-post post-3773 page type-page status-publish hentry\">\n<h5 style=\"line-height:1.5;text-decoration:underline; padding-top:var(--wp--preset--spacing--30);padding-bottom:var(--wp--preset--spacing--30);padding-left:var(--wp--preset--spacing--50);padding-right:var(--wp--preset--spacing--50);\" class=\"has-link-color wp-elements-6059ad9495184536815c35f3e2e46a20 wp-block-post-title\"><a href=\"https:\/\/toolboxb2b.com\/de\/akademie\/automatisierung\/b2b-vertriebsprozessautomatisierung-ein-vollstaendiger-leitfaden\/automatisierung-von-b2b-verkaufsprozessen-wie-sie-die-effizienz-steigern-koennen\/\" target=\"_self\" >Automatisierung von B2B-Verkaufsprozessen: Wie Sie die Effizienz steigern k\u00f6nnen<\/a><\/h5>\n<\/li><li class=\"wp-block-post post-3771 page type-page status-publish hentry\">\n<h5 style=\"line-height:1.5;text-decoration:underline; padding-top:var(--wp--preset--spacing--30);padding-bottom:var(--wp--preset--spacing--30);padding-left:var(--wp--preset--spacing--50);padding-right:var(--wp--preset--spacing--50);\" class=\"has-link-color wp-elements-6059ad9495184536815c35f3e2e46a20 wp-block-post-title\"><a href=\"https:\/\/toolboxb2b.com\/de\/akademie\/automatisierung\/b2b-vertriebsprozessautomatisierung-ein-vollstaendiger-leitfaden\/\" target=\"_self\" >B2B-Vertriebsprozessautomatisierung: Ein vollst\u00e4ndiger Leitfaden<\/a><\/h5>\n<\/li><li class=\"wp-block-post post-3767 page type-page status-publish hentry\">\n<h5 style=\"line-height:1.5;text-decoration:underline; padding-top:var(--wp--preset--spacing--30);padding-bottom:var(--wp--preset--spacing--30);padding-left:var(--wp--preset--spacing--50);padding-right:var(--wp--preset--spacing--50);\" class=\"has-link-color wp-elements-6059ad9495184536815c35f3e2e46a20 wp-block-post-title\"><a href=\"https:\/\/toolboxb2b.com\/de\/akademie\/automatisierung\/b2b-vertriebsprozessautomatisierung-ein-vollstaendiger-leitfaden\/genehmigungsablaeufe-im-b2b-wie-sie-engpaesse-vermeiden\/\" target=\"_self\" >Genehmigungsabl\u00e4ufe im B2B: Wie Sie Engp\u00e4sse vermeiden<\/a><\/h5>\n<\/li><li class=\"wp-block-post post-3769 page type-page status-publish hentry\">\n<h5 style=\"line-height:1.5;text-decoration:underline; padding-top:var(--wp--preset--spacing--30);padding-bottom:var(--wp--preset--spacing--30);padding-left:var(--wp--preset--spacing--50);padding-right:var(--wp--preset--spacing--50);\" class=\"has-link-color wp-elements-6059ad9495184536815c35f3e2e46a20 wp-block-post-title\"><a href=\"https:\/\/toolboxb2b.com\/de\/akademie\/automatisierung\/b2b-vertriebsprozessautomatisierung-ein-vollstaendiger-leitfaden\/automatisierung-von-b2b-verkaufsprozessen-wie-sie-die-effizienz-steigern-koennen\/toolbox-b2b-automatisierung-von-b2b-verkaufsprozessen\/\" target=\"_self\" >Toolbox B2B: Automatisierung von B2B-Verkaufsprozessen<\/a><\/h5>\n<\/li><li class=\"wp-block-post post-3754 page type-page status-publish hentry\">\n<h5 style=\"line-height:1.5;text-decoration:underline; padding-top:var(--wp--preset--spacing--30);padding-bottom:var(--wp--preset--spacing--30);padding-left:var(--wp--preset--spacing--50);padding-right:var(--wp--preset--spacing--50);\" class=\"has-link-color wp-elements-6059ad9495184536815c35f3e2e46a20 wp-block-post-title\"><a href=\"https:\/\/toolboxb2b.com\/de\/akademie\/automatisierung\/b2b-vertriebsprozessautomatisierung-ein-vollstaendiger-leitfaden\/warum-automatisierung-in-der-b2b-bestandsverwaltung-wichtig-ist\/\" target=\"_self\" >Warum Automatisierung in der B2B-Bestandsverwaltung wichtig ist<\/a><\/h5>\n<\/li><li class=\"wp-block-post post-3765 page type-page status-publish hentry\">\n<h5 style=\"line-height:1.5;text-decoration:underline; padding-top:var(--wp--preset--spacing--30);padding-bottom:var(--wp--preset--spacing--30);padding-left:var(--wp--preset--spacing--50);padding-right:var(--wp--preset--spacing--50);\" class=\"has-link-color wp-elements-6059ad9495184536815c35f3e2e46a20 wp-block-post-title\"><a href=\"https:\/\/toolboxb2b.com\/de\/akademie\/automatisierung\/b2b-vertriebsprozessautomatisierung-ein-vollstaendiger-leitfaden\/wenn-automatisierung-zu-skalierbarkeit-wird\/\" target=\"_self\" >Wenn Automatisierung zu Skalierbarkeit wird<\/a><\/h5>\n<\/li><\/ul><\/div>\n\n\n<style>.kb-row-layout-id3765_6edc18-3f > .kt-row-column-wrap{align-content:start;}:where(.kb-row-layout-id3765_6edc18-3f > .kt-row-column-wrap) > .wp-block-kadence-column{justify-content:start;}.kb-row-layout-id3765_6edc18-3f > .kt-row-column-wrap{column-gap:var(--global-kb-gap-md, 2rem);row-gap:var(--global-kb-gap-md, 2rem);padding-top:var(--global-kb-spacing-sm, 1.5rem);padding-bottom:var(--global-kb-spacing-sm, 1.5rem);grid-template-columns:repeat(2, minmax(0, 1fr));}.kb-row-layout-id3765_6edc18-3f > .kt-row-layout-overlay{opacity:0.30;}@media all and (max-width: 1024px){.kb-row-layout-id3765_6edc18-3f > .kt-row-column-wrap{grid-template-columns:repeat(2, minmax(0, 1fr));}}@media all and (max-width: 767px){.kb-row-layout-id3765_6edc18-3f > .kt-row-column-wrap{grid-template-columns:minmax(0, 1fr);}}<\/style><div class=\"kb-row-layout-wrap kb-row-layout-id3765_6edc18-3f alignnone wp-block-kadence-rowlayout\"><div class=\"kt-row-column-wrap kt-has-2-columns kt-row-layout-equal kt-tab-layout-inherit kt-mobile-layout-row kt-row-valign-top\">\n\n<div class=\"wp-block-kadence-column\"><div class=\"kt-inside-inner-col\"><\/div><\/div>\n\n\n\n<div class=\"wp-block-kadence-column\"><div class=\"kt-inside-inner-col\"><\/div><\/div>\n\n<\/div><\/div>","protected":false},"excerpt":{"rendered":"<p>Wenn Automatisierung zu Skalierbarkeit wird Im B2B-Bereich bringt Wachstum Komplexit\u00e4t mit sich. Mehr Kunden, mehr Auftr\u00e4ge, mehr Variablen. Ohne Automatisierung wird die Skalierung schwierig. Automatisierung als Grundlage f\u00fcr Wachstum Automatisierung macht es m\u00f6glich Von der Kontrolle zur Vorhersage Mit automatisierten Prozessen ist es einfacher: Fazit Automatisierung bedeutet nicht nur, heute besser zu arbeiten, sondern auch,&#8230;<\/p>\n","protected":false},"author":2,"featured_media":0,"parent":3771,"menu_order":0,"comment_status":"closed","ping_status":"closed","template":"","meta":{"content-type":"","_kadence_starter_templates_imported_post":false,"_kad_post_transparent":"","_kad_post_title":"","_kad_post_layout":"","_kad_post_sidebar_id":"","_kad_post_content_style":"","_kad_post_vertical_padding":"","_kad_post_feature":"","_kad_post_feature_position":"","_kad_post_header":false,"_kad_post_footer":false,"_kad_post_classname":"","footnotes":""},"class_list":["post-3765","page","type-page","status-publish","hentry"],"yoast_head":"<!-- This site is optimized with the Yoast SEO plugin v27.5 - https:\/\/yoast.com\/product\/yoast-seo-wordpress\/ -->\n<title>Wenn Automatisierung zu Skalierbarkeit wird<\/title>\n<meta name=\"description\" content=\"Erfahren Sie, wann und wie die Automatisierung von B2B-Prozessen Skalierbarkeit f\u00fcr mehr Kunden und Auftr\u00e4ge erm\u00f6glicht.\" \/>\n<meta name=\"robots\" content=\"index, follow, max-snippet:-1, max-image-preview:large, max-video-preview:-1\" \/>\n<link rel=\"canonical\" href=\"https:\/\/toolboxb2b.com\/de\/akademie\/automatisierung\/b2b-vertriebsprozessautomatisierung-ein-vollstaendiger-leitfaden\/wenn-automatisierung-zu-skalierbarkeit-wird\/\" \/>\n<meta property=\"og:locale\" content=\"de_DE\" \/>\n<meta property=\"og:type\" content=\"article\" \/>\n<meta property=\"og:title\" content=\"Wenn Automatisierung zu Skalierbarkeit wird\" \/>\n<meta property=\"og:description\" content=\"Erfahren Sie, wann und wie die Automatisierung von B2B-Prozessen Skalierbarkeit f\u00fcr mehr Kunden und Auftr\u00e4ge erm\u00f6glicht.\" \/>\n<meta property=\"og:url\" content=\"https:\/\/toolboxb2b.com\/de\/akademie\/automatisierung\/b2b-vertriebsprozessautomatisierung-ein-vollstaendiger-leitfaden\/wenn-automatisierung-zu-skalierbarkeit-wird\/\" \/>\n<meta property=\"og:site_name\" content=\"Toolbox B2B\" \/>\n<meta property=\"article:publisher\" content=\"https:\/\/www.facebook.com\/weblink.it\" \/>\n<meta property=\"article:modified_time\" content=\"2026-03-18T16:32:35+00:00\" \/>\n<meta name=\"twitter:card\" content=\"summary_large_image\" \/>\n<meta name=\"twitter:label1\" content=\"Gesch\u00e4tzte Lesezeit\" \/>\n\t<meta name=\"twitter:data1\" content=\"1\u00a0Minute\" \/>\n<script type=\"application\/ld+json\" class=\"yoast-schema-graph\">{\"@context\":\"https:\\\/\\\/schema.org\",\"@graph\":[{\"@type\":\"WebPage\",\"@id\":\"https:\\\/\\\/toolboxb2b.com\\\/de\\\/akademie\\\/automatisierung\\\/b2b-vertriebsprozessautomatisierung-ein-vollstaendiger-leitfaden\\\/wenn-automatisierung-zu-skalierbarkeit-wird\\\/\",\"url\":\"https:\\\/\\\/toolboxb2b.com\\\/de\\\/akademie\\\/automatisierung\\\/b2b-vertriebsprozessautomatisierung-ein-vollstaendiger-leitfaden\\\/wenn-automatisierung-zu-skalierbarkeit-wird\\\/\",\"name\":\"Wenn Automatisierung zu Skalierbarkeit wird\",\"isPartOf\":{\"@id\":\"https:\\\/\\\/toolboxb2b.com\\\/de\\\/#website\"},\"datePublished\":\"2026-02-09T08:35:23+00:00\",\"dateModified\":\"2026-03-18T16:32:35+00:00\",\"description\":\"Erfahren Sie, wann und wie die Automatisierung von B2B-Prozessen Skalierbarkeit f\u00fcr mehr Kunden und Auftr\u00e4ge erm\u00f6glicht.\",\"breadcrumb\":{\"@id\":\"https:\\\/\\\/toolboxb2b.com\\\/de\\\/akademie\\\/automatisierung\\\/b2b-vertriebsprozessautomatisierung-ein-vollstaendiger-leitfaden\\\/wenn-automatisierung-zu-skalierbarkeit-wird\\\/#breadcrumb\"},\"inLanguage\":\"de\",\"potentialAction\":[{\"@type\":\"ReadAction\",\"target\":[\"https:\\\/\\\/toolboxb2b.com\\\/de\\\/akademie\\\/automatisierung\\\/b2b-vertriebsprozessautomatisierung-ein-vollstaendiger-leitfaden\\\/wenn-automatisierung-zu-skalierbarkeit-wird\\\/\"]}]},{\"@type\":\"BreadcrumbList\",\"@id\":\"https:\\\/\\\/toolboxb2b.com\\\/de\\\/akademie\\\/automatisierung\\\/b2b-vertriebsprozessautomatisierung-ein-vollstaendiger-leitfaden\\\/wenn-automatisierung-zu-skalierbarkeit-wird\\\/#breadcrumb\",\"itemListElement\":[{\"@type\":\"ListItem\",\"position\":1,\"name\":\"Home\",\"item\":\"https:\\\/\\\/toolboxb2b.com\\\/de\\\/\"},{\"@type\":\"ListItem\",\"position\":2,\"name\":\"Akademie\",\"item\":\"https:\\\/\\\/toolboxb2b.com\\\/de\\\/akademie\\\/\"},{\"@type\":\"ListItem\",\"position\":3,\"name\":\"Automatisierung\",\"item\":\"https:\\\/\\\/toolboxb2b.com\\\/de\\\/akademie\\\/automatisierung\\\/\"},{\"@type\":\"ListItem\",\"position\":4,\"name\":\"B2B-Vertriebsprozessautomatisierung: Ein vollst\u00e4ndiger Leitfaden\",\"item\":\"https:\\\/\\\/toolboxb2b.com\\\/de\\\/akademie\\\/automatisierung\\\/b2b-vertriebsprozessautomatisierung-ein-vollstaendiger-leitfaden\\\/\"},{\"@type\":\"ListItem\",\"position\":5,\"name\":\"Wenn Automatisierung zu Skalierbarkeit wird\"}]},{\"@type\":\"WebSite\",\"@id\":\"https:\\\/\\\/toolboxb2b.com\\\/de\\\/#website\",\"url\":\"https:\\\/\\\/toolboxb2b.com\\\/de\\\/\",\"name\":\"Toolbox B2B\",\"description\":\"Piattaforma e-commerce B2B per l&#039;industria e la distribuzione\",\"publisher\":{\"@id\":\"https:\\\/\\\/toolboxb2b.com\\\/de\\\/#organization\"},\"potentialAction\":[{\"@type\":\"SearchAction\",\"target\":{\"@type\":\"EntryPoint\",\"urlTemplate\":\"https:\\\/\\\/toolboxb2b.com\\\/de\\\/?s={search_term_string}\"},\"query-input\":{\"@type\":\"PropertyValueSpecification\",\"valueRequired\":true,\"valueName\":\"search_term_string\"}}],\"inLanguage\":\"de\"},{\"@type\":\"Organization\",\"@id\":\"https:\\\/\\\/toolboxb2b.com\\\/de\\\/#organization\",\"name\":\"Weblink Srl\",\"url\":\"https:\\\/\\\/toolboxb2b.com\\\/de\\\/\",\"logo\":{\"@type\":\"ImageObject\",\"inLanguage\":\"de\",\"@id\":\"https:\\\/\\\/toolboxb2b.com\\\/de\\\/#\\\/schema\\\/logo\\\/image\\\/\",\"url\":\"https:\\\/\\\/toolboxb2b.com\\\/wp-content\\\/uploads\\\/toolbox-b2b-logo.svg\",\"contentUrl\":\"https:\\\/\\\/toolboxb2b.com\\\/wp-content\\\/uploads\\\/toolbox-b2b-logo.svg\",\"caption\":\"Weblink Srl\"},\"image\":{\"@id\":\"https:\\\/\\\/toolboxb2b.com\\\/de\\\/#\\\/schema\\\/logo\\\/image\\\/\"},\"sameAs\":[\"https:\\\/\\\/www.facebook.com\\\/weblink.it\",\"https:\\\/\\\/www.linkedin.com\\\/company\\\/weblink\",\"https:\\\/\\\/www.youtube.com\\\/@weblinksrl\\\/\",\"https:\\\/\\\/instagram.com\\\/weblinksrl\\\/\"]}]}<\/script>\n<!-- \/ Yoast SEO plugin. -->","yoast_head_json":{"title":"Wenn Automatisierung zu Skalierbarkeit wird","description":"Erfahren Sie, wann und wie die Automatisierung von B2B-Prozessen Skalierbarkeit f\u00fcr mehr Kunden und Auftr\u00e4ge erm\u00f6glicht.","robots":{"index":"index","follow":"follow","max-snippet":"max-snippet:-1","max-image-preview":"max-image-preview:large","max-video-preview":"max-video-preview:-1"},"canonical":"https:\/\/toolboxb2b.com\/de\/akademie\/automatisierung\/b2b-vertriebsprozessautomatisierung-ein-vollstaendiger-leitfaden\/wenn-automatisierung-zu-skalierbarkeit-wird\/","og_locale":"de_DE","og_type":"article","og_title":"Wenn Automatisierung zu Skalierbarkeit wird","og_description":"Erfahren Sie, wann und wie die Automatisierung von B2B-Prozessen Skalierbarkeit f\u00fcr mehr Kunden und Auftr\u00e4ge erm\u00f6glicht.","og_url":"https:\/\/toolboxb2b.com\/de\/akademie\/automatisierung\/b2b-vertriebsprozessautomatisierung-ein-vollstaendiger-leitfaden\/wenn-automatisierung-zu-skalierbarkeit-wird\/","og_site_name":"Toolbox B2B","article_publisher":"https:\/\/www.facebook.com\/weblink.it","article_modified_time":"2026-03-18T16:32:35+00:00","twitter_card":"summary_large_image","twitter_misc":{"Gesch\u00e4tzte Lesezeit":"1\u00a0Minute"},"schema":{"@context":"https:\/\/schema.org","@graph":[{"@type":"WebPage","@id":"https:\/\/toolboxb2b.com\/de\/akademie\/automatisierung\/b2b-vertriebsprozessautomatisierung-ein-vollstaendiger-leitfaden\/wenn-automatisierung-zu-skalierbarkeit-wird\/","url":"https:\/\/toolboxb2b.com\/de\/akademie\/automatisierung\/b2b-vertriebsprozessautomatisierung-ein-vollstaendiger-leitfaden\/wenn-automatisierung-zu-skalierbarkeit-wird\/","name":"Wenn Automatisierung zu Skalierbarkeit wird","isPartOf":{"@id":"https:\/\/toolboxb2b.com\/de\/#website"},"datePublished":"2026-02-09T08:35:23+00:00","dateModified":"2026-03-18T16:32:35+00:00","description":"Erfahren Sie, wann und wie die Automatisierung von B2B-Prozessen Skalierbarkeit f\u00fcr mehr Kunden und Auftr\u00e4ge erm\u00f6glicht.","breadcrumb":{"@id":"https:\/\/toolboxb2b.com\/de\/akademie\/automatisierung\/b2b-vertriebsprozessautomatisierung-ein-vollstaendiger-leitfaden\/wenn-automatisierung-zu-skalierbarkeit-wird\/#breadcrumb"},"inLanguage":"de","potentialAction":[{"@type":"ReadAction","target":["https:\/\/toolboxb2b.com\/de\/akademie\/automatisierung\/b2b-vertriebsprozessautomatisierung-ein-vollstaendiger-leitfaden\/wenn-automatisierung-zu-skalierbarkeit-wird\/"]}]},{"@type":"BreadcrumbList","@id":"https:\/\/toolboxb2b.com\/de\/akademie\/automatisierung\/b2b-vertriebsprozessautomatisierung-ein-vollstaendiger-leitfaden\/wenn-automatisierung-zu-skalierbarkeit-wird\/#breadcrumb","itemListElement":[{"@type":"ListItem","position":1,"name":"Home","item":"https:\/\/toolboxb2b.com\/de\/"},{"@type":"ListItem","position":2,"name":"Akademie","item":"https:\/\/toolboxb2b.com\/de\/akademie\/"},{"@type":"ListItem","position":3,"name":"Automatisierung","item":"https:\/\/toolboxb2b.com\/de\/akademie\/automatisierung\/"},{"@type":"ListItem","position":4,"name":"B2B-Vertriebsprozessautomatisierung: Ein vollst\u00e4ndiger Leitfaden","item":"https:\/\/toolboxb2b.com\/de\/akademie\/automatisierung\/b2b-vertriebsprozessautomatisierung-ein-vollstaendiger-leitfaden\/"},{"@type":"ListItem","position":5,"name":"Wenn Automatisierung zu Skalierbarkeit wird"}]},{"@type":"WebSite","@id":"https:\/\/toolboxb2b.com\/de\/#website","url":"https:\/\/toolboxb2b.com\/de\/","name":"Toolbox B2B","description":"Piattaforma e-commerce B2B per l&#039;industria e la distribuzione","publisher":{"@id":"https:\/\/toolboxb2b.com\/de\/#organization"},"potentialAction":[{"@type":"SearchAction","target":{"@type":"EntryPoint","urlTemplate":"https:\/\/toolboxb2b.com\/de\/?s={search_term_string}"},"query-input":{"@type":"PropertyValueSpecification","valueRequired":true,"valueName":"search_term_string"}}],"inLanguage":"de"},{"@type":"Organization","@id":"https:\/\/toolboxb2b.com\/de\/#organization","name":"Weblink Srl","url":"https:\/\/toolboxb2b.com\/de\/","logo":{"@type":"ImageObject","inLanguage":"de","@id":"https:\/\/toolboxb2b.com\/de\/#\/schema\/logo\/image\/","url":"https:\/\/toolboxb2b.com\/wp-content\/uploads\/toolbox-b2b-logo.svg","contentUrl":"https:\/\/toolboxb2b.com\/wp-content\/uploads\/toolbox-b2b-logo.svg","caption":"Weblink Srl"},"image":{"@id":"https:\/\/toolboxb2b.com\/de\/#\/schema\/logo\/image\/"},"sameAs":["https:\/\/www.facebook.com\/weblink.it","https:\/\/www.linkedin.com\/company\/weblink","https:\/\/www.youtube.com\/@weblinksrl\/","https:\/\/instagram.com\/weblinksrl\/"]}]}},"_links":{"self":[{"href":"https:\/\/toolboxb2b.com\/de\/wp-json\/wp\/v2\/pages\/3765","targetHints":{"allow":["GET"]}}],"collection":[{"href":"https:\/\/toolboxb2b.com\/de\/wp-json\/wp\/v2\/pages"}],"about":[{"href":"https:\/\/toolboxb2b.com\/de\/wp-json\/wp\/v2\/types\/page"}],"author":[{"embeddable":true,"href":"https:\/\/toolboxb2b.com\/de\/wp-json\/wp\/v2\/users\/2"}],"replies":[{"embeddable":true,"href":"https:\/\/toolboxb2b.com\/de\/wp-json\/wp\/v2\/comments?post=3765"}],"version-history":[{"count":3,"href":"https:\/\/toolboxb2b.com\/de\/wp-json\/wp\/v2\/pages\/3765\/revisions"}],"predecessor-version":[{"id":4953,"href":"https:\/\/toolboxb2b.com\/de\/wp-json\/wp\/v2\/pages\/3765\/revisions\/4953"}],"up":[{"embeddable":true,"href":"https:\/\/toolboxb2b.com\/de\/wp-json\/wp\/v2\/pages\/3771"}],"wp:attachment":[{"href":"https:\/\/toolboxb2b.com\/de\/wp-json\/wp\/v2\/media?parent=3765"}],"curies":[{"name":"wp","href":"https:\/\/api.w.org\/{rel}","templated":true}]}}