{"id":5151,"date":"2026-02-09T09:35:23","date_gmt":"2026-02-09T08:35:23","guid":{"rendered":"https:\/\/toolboxb2b.com\/quand-lautomatisation-devient-evolutive\/"},"modified":"2026-04-02T12:16:36","modified_gmt":"2026-04-02T10:16:36","slug":"quand-lautomatisation-devient-evolutive","status":"publish","type":"page","link":"https:\/\/toolboxb2b.com\/fr\/academie\/automatisation\/automatisation-des-processus-de-vente-b2b-un-guide-complet\/quand-lautomatisation-devient-evolutive\/","title":{"rendered":"Quand l&rsquo;automatisation devient \u00e9volutive"},"content":{"rendered":"<style>.kb-row-layout-id5151_819d00-6e > .kt-row-column-wrap{align-content:start;}:where(.kb-row-layout-id5151_819d00-6e > .kt-row-column-wrap) > .wp-block-kadence-column{justify-content:start;}.kb-row-layout-id5151_819d00-6e > .kt-row-column-wrap{column-gap:var(--global-kb-gap-md, 2rem);row-gap:var(--global-kb-gap-md, 2rem);padding-top:var(--global-kb-spacing-3xl, 6.5rem);padding-right:var(--global-kb-spacing-xl, 4rem);padding-bottom:var(--global-kb-spacing-3xl, 6.5rem);padding-left:var(--global-kb-spacing-xl, 4rem);grid-template-columns:minmax(0, 1fr);}.kb-row-layout-id5151_819d00-6e > .kt-row-layout-overlay{opacity:0.30;}@media all and (max-width: 1024px){.kb-row-layout-id5151_819d00-6e > .kt-row-column-wrap{grid-template-columns:minmax(0, 1fr);}}@media all and (max-width: 767px){.kb-row-layout-id5151_819d00-6e > .kt-row-column-wrap{grid-template-columns:minmax(0, 1fr);}}<\/style><div class=\"kb-row-layout-wrap kb-row-layout-id5151_819d00-6e alignnone wp-block-kadence-rowlayout\"><div class=\"kt-blocks-carousel kb-blocks-bg-slider kt-carousel-container-dotstyle-dark\"><div class=\"kt-blocks-carousel-init splide kb-blocks-bg-slider-init kt-carousel-arrowstyle-none kt-carousel-dotstyle-dark\" data-slider-anim-speed=\"400\" data-slider-type=\"slider\" data-slider-scroll=\"1\" data-slider-arrows=\"false\" data-slider-fade=\"true\" data-slider-dots=\"true\" data-slider-hover-pause=\"false\" data-slider-auto=\"true\" data-slider-speed=\"7000\" data-show-pause-button=\"false\"><div class=\"splide__track\"><ul class=\"splide__list\"><li class=\"splide__slide kb-bg-slide-contain\"><div  class=\"kb-bg-slide kb-bg-slide-0\" style=\"background-image:url(https:\/\/toolboxb2b.com\/wp-content\/uploads\/sfondo-toolbox-2.jpg); background-size:cover; background-position:center center; background-repeat:no-repeat;\"><\/div><\/li><\/ul><\/div><\/div><\/div><div class=\"kt-row-column-wrap kt-has-1-columns kt-row-layout-equal kt-tab-layout-inherit kt-mobile-layout-row kt-row-valign-top\">\n<style>.kadence-column5151_83bd78-80 > .kt-inside-inner-col,.kadence-column5151_83bd78-80 > .kt-inside-inner-col:before{border-top-left-radius:0px;border-top-right-radius:0px;border-bottom-right-radius:0px;border-bottom-left-radius:0px;}.kadence-column5151_83bd78-80 > .kt-inside-inner-col{column-gap:var(--global-kb-gap-sm, 1rem);}.kadence-column5151_83bd78-80 > .kt-inside-inner-col{flex-direction:column;}.kadence-column5151_83bd78-80 > .kt-inside-inner-col > .aligncenter{width:100%;}.kadence-column5151_83bd78-80 > .kt-inside-inner-col:before{opacity:0.3;}.kadence-column5151_83bd78-80{position:relative;}@media all and (max-width: 1024px){.kadence-column5151_83bd78-80 > .kt-inside-inner-col{flex-direction:column;justify-content:center;}}@media all and (max-width: 767px){.kadence-column5151_83bd78-80 > .kt-inside-inner-col{flex-direction:column;justify-content:center;}}<\/style>\n<div class=\"wp-block-kadence-column kadence-column5151_83bd78-80\"><div class=\"kt-inside-inner-col\"><style>.wp-block-kadence-advancedheading.kt-adv-heading5151_66431a-15, .wp-block-kadence-advancedheading.kt-adv-heading5151_66431a-15[data-kb-block=\"kb-adv-heading5151_66431a-15\"]{text-align:center;font-style:normal;}.wp-block-kadence-advancedheading.kt-adv-heading5151_66431a-15 mark.kt-highlight, .wp-block-kadence-advancedheading.kt-adv-heading5151_66431a-15[data-kb-block=\"kb-adv-heading5151_66431a-15\"] mark.kt-highlight{font-style:normal;color:#f76a0c;-webkit-box-decoration-break:clone;box-decoration-break:clone;padding-top:0px;padding-right:0px;padding-bottom:0px;padding-left:0px;}.wp-block-kadence-advancedheading.kt-adv-heading5151_66431a-15 img.kb-inline-image, .wp-block-kadence-advancedheading.kt-adv-heading5151_66431a-15[data-kb-block=\"kb-adv-heading5151_66431a-15\"] img.kb-inline-image{width:150px;vertical-align:baseline;}<\/style>\n<h1 class=\"kt-adv-heading5151_66431a-15 wp-block-kadence-advancedheading\" data-kb-block=\"kb-adv-heading5151_66431a-15\"><strong><strong>Quand l&rsquo;automatisation devient \u00e9volutive<\/strong><\/strong><\/h1>\n<\/div><\/div>\n\n<\/div><\/div>\n\n<style>.kb-row-layout-id5151_958b8b-ad > .kt-row-column-wrap{align-content:start;}:where(.kb-row-layout-id5151_958b8b-ad > .kt-row-column-wrap) > .wp-block-kadence-column{justify-content:start;}.kb-row-layout-id5151_958b8b-ad > .kt-row-column-wrap{column-gap:var(--global-kb-gap-md, 2rem);row-gap:var(--global-kb-gap-md, 2rem);padding-top:var(--global-kb-spacing-sm, 1.5rem);padding-bottom:var(--global-kb-spacing-sm, 1.5rem);grid-template-columns:minmax(0, 1fr);}.kb-row-layout-id5151_958b8b-ad > .kt-row-layout-overlay{opacity:0.30;}@media all and (max-width: 1024px){.kb-row-layout-id5151_958b8b-ad > .kt-row-column-wrap{grid-template-columns:minmax(0, 1fr);}}@media all and (max-width: 767px){.kb-row-layout-id5151_958b8b-ad > .kt-row-column-wrap{grid-template-columns:minmax(0, 1fr);}}<\/style><div class=\"kb-row-layout-wrap kb-row-layout-id5151_958b8b-ad alignnone wp-block-kadence-rowlayout\"><div class=\"kt-row-column-wrap kt-has-1-columns kt-row-layout-equal kt-tab-layout-inherit kt-mobile-layout-row kt-row-valign-top\">\n<style>.kadence-column5151_67500e-ec > .kt-inside-inner-col,.kadence-column5151_67500e-ec > .kt-inside-inner-col:before{border-top-left-radius:0px;border-top-right-radius:0px;border-bottom-right-radius:0px;border-bottom-left-radius:0px;}.kadence-column5151_67500e-ec > .kt-inside-inner-col{column-gap:var(--global-kb-gap-sm, 1rem);}.kadence-column5151_67500e-ec > .kt-inside-inner-col{flex-direction:column;}.kadence-column5151_67500e-ec > .kt-inside-inner-col > .aligncenter{width:100%;}.kadence-column5151_67500e-ec > .kt-inside-inner-col:before{opacity:0.3;}.kadence-column5151_67500e-ec{position:relative;}@media all and (max-width: 1024px){.kadence-column5151_67500e-ec > .kt-inside-inner-col{flex-direction:column;justify-content:center;}}@media all and (max-width: 767px){.kadence-column5151_67500e-ec > .kt-inside-inner-col{flex-direction:column;justify-content:center;}}<\/style>\n<div class=\"wp-block-kadence-column kadence-column5151_67500e-ec\"><div class=\"kt-inside-inner-col\">\n<p>Dans le domaine du B2B, la croissance est synonyme de complexit\u00e9. Plus de clients, plus de commandes, plus de variables. Sans automatisation, il devient difficile de passer \u00e0 l&rsquo;\u00e9chelle sup\u00e9rieure.  <\/p>\n\n\n\n<h2 class=\"wp-block-heading\"><strong>L&rsquo;automatisation, base de la croissance<\/strong><\/h2>\n\n\n\n<p>L&rsquo;automatisation permet de<\/p>\n\n\n\n<ul class=\"wp-block-list\">\n<li>traitement de volumes plus importants<\/li>\n\n\n\n<li>le maintien de la qualit\u00e9 et du contr\u00f4le<\/li>\n\n\n\n<li>\u00e9viter une augmentation proportionnelle des co\u00fbts<\/li>\n<\/ul>\n\n\n\n<h2 class=\"wp-block-heading\"><strong>Du contr\u00f4le \u00e0 la pr\u00e9vision<\/strong><\/h2>\n\n\n\n<p>Avec des processus automatis\u00e9s, c&rsquo;est plus facile :<\/p>\n\n\n\n<ul class=\"wp-block-list\">\n<li>l&rsquo;analyse des donn\u00e9es<\/li>\n\n\n\n<li>identifier les inefficacit\u00e9s<\/li>\n\n\n\n<li>planification de la croissance<\/li>\n<\/ul>\n\n\n\n<h2 class=\"wp-block-heading\"><strong>Conclusion<\/strong><\/h2>\n\n\n\n<p>L&rsquo;automatisation permet non seulement de mieux travailler aujourd&rsquo;hui, mais aussi de se d\u00e9velopper demain sans perdre en efficacit\u00e9.<\/p>\n<\/div><\/div>\n\n<\/div><\/div>\n\n\n\n<style>.wp-block-kadence-advancedheading.kt-adv-heading5151_fe2441-26, .wp-block-kadence-advancedheading.kt-adv-heading5151_fe2441-26[data-kb-block=\"kb-adv-heading5151_fe2441-26\"]{font-style:normal;}.wp-block-kadence-advancedheading.kt-adv-heading5151_fe2441-26 mark.kt-highlight, .wp-block-kadence-advancedheading.kt-adv-heading5151_fe2441-26[data-kb-block=\"kb-adv-heading5151_fe2441-26\"] mark.kt-highlight{font-style:normal;color:#f76a0c;-webkit-box-decoration-break:clone;box-decoration-break:clone;padding-top:0px;padding-right:0px;padding-bottom:0px;padding-left:0px;}.wp-block-kadence-advancedheading.kt-adv-heading5151_fe2441-26 img.kb-inline-image, .wp-block-kadence-advancedheading.kt-adv-heading5151_fe2441-26[data-kb-block=\"kb-adv-heading5151_fe2441-26\"] img.kb-inline-image{width:150px;vertical-align:baseline;}<\/style>\n<h2 class=\"kt-adv-heading5151_fe2441-26 wp-block-kadence-advancedheading\" data-kb-block=\"kb-adv-heading5151_fe2441-26\"><strong>En savoir plus<\/strong><\/h2>\n\n\n\n<div class=\"wp-block-query is-layout-flow wp-block-query-is-layout-flow\"><ul class=\"wp-block-post-template is-layout-flow wp-block-post-template-is-layout-flow\"><li class=\"wp-block-post post-5148 page type-page status-publish hentry\">\n<h5 style=\"line-height:1.5;text-decoration:underline; padding-top:var(--wp--preset--spacing--30);padding-bottom:var(--wp--preset--spacing--30);padding-left:var(--wp--preset--spacing--50);padding-right:var(--wp--preset--spacing--50);\" class=\"has-link-color wp-elements-6059ad9495184536815c35f3e2e46a20 wp-block-post-title\"><a href=\"https:\/\/toolboxb2b.com\/fr\/academie\/automatisation\/automatisation-des-processus-de-vente-b2b-un-guide-complet\/automatisation-des-processus-de-vente-b2b-comment-ameliorer-lefficacite\/\" target=\"_self\" >Automatisation des processus de vente B2B : comment am\u00e9liorer l&rsquo;efficacit\u00e9<\/a><\/h5>\n<\/li><li class=\"wp-block-post post-5160 page type-page status-publish hentry\">\n<h5 style=\"line-height:1.5;text-decoration:underline; padding-top:var(--wp--preset--spacing--30);padding-bottom:var(--wp--preset--spacing--30);padding-left:var(--wp--preset--spacing--50);padding-right:var(--wp--preset--spacing--50);\" class=\"has-link-color wp-elements-6059ad9495184536815c35f3e2e46a20 wp-block-post-title\"><a href=\"https:\/\/toolboxb2b.com\/fr\/academie\/automatisation\/automatisation-des-processus-de-vente-b2b-un-guide-complet\/\" target=\"_self\" >Automatisation des processus de vente B2B : un guide complet<\/a><\/h5>\n<\/li><li class=\"wp-block-post post-5161 page type-page status-publish hentry\">\n<h5 style=\"line-height:1.5;text-decoration:underline; padding-top:var(--wp--preset--spacing--30);padding-bottom:var(--wp--preset--spacing--30);padding-left:var(--wp--preset--spacing--50);padding-right:var(--wp--preset--spacing--50);\" class=\"has-link-color wp-elements-6059ad9495184536815c35f3e2e46a20 wp-block-post-title\"><a href=\"https:\/\/toolboxb2b.com\/fr\/academie\/automatisation\/automatisation-des-processus-de-vente-b2b-un-guide-complet\/flux-dapprobation-dans-le-b2b-comment-eviter-les-goulets-detranglement\/\" target=\"_self\" >Flux d&rsquo;approbation dans le B2B : comment \u00e9viter les goulets d&rsquo;\u00e9tranglement ?<\/a><\/h5>\n<\/li><li class=\"wp-block-post post-5143 page type-page status-publish hentry\">\n<h5 style=\"line-height:1.5;text-decoration:underline; padding-top:var(--wp--preset--spacing--30);padding-bottom:var(--wp--preset--spacing--30);padding-left:var(--wp--preset--spacing--50);padding-right:var(--wp--preset--spacing--50);\" class=\"has-link-color wp-elements-6059ad9495184536815c35f3e2e46a20 wp-block-post-title\"><a href=\"https:\/\/toolboxb2b.com\/fr\/academie\/automatisation\/automatisation-des-processus-de-vente-b2b-un-guide-complet\/lautomatisation-dans-le-b2b-quels-sont-les-processus-quil-est-vraiment-judicieux-dautomatiser\/\" target=\"_self\" >L&rsquo;automatisation dans le B2B : quels sont les processus qu&rsquo;il est vraiment judicieux d&rsquo;automatiser ?<\/a><\/h5>\n<\/li><li class=\"wp-block-post post-5156 page type-page status-publish hentry\">\n<h5 style=\"line-height:1.5;text-decoration:underline; padding-top:var(--wp--preset--spacing--30);padding-bottom:var(--wp--preset--spacing--30);padding-left:var(--wp--preset--spacing--50);padding-right:var(--wp--preset--spacing--50);\" class=\"has-link-color wp-elements-6059ad9495184536815c35f3e2e46a20 wp-block-post-title\"><a href=\"https:\/\/toolboxb2b.com\/fr\/academie\/automatisation\/automatisation-des-processus-de-vente-b2b-un-guide-complet\/pourquoi-lautomatisation-est-essentielle-dans-la-gestion-des-stocks-b2b\/\" target=\"_self\" >Pourquoi l&rsquo;automatisation est essentielle dans la gestion des stocks B2B<\/a><\/h5>\n<\/li><li class=\"wp-block-post post-5151 page type-page status-publish hentry\">\n<h5 style=\"line-height:1.5;text-decoration:underline; padding-top:var(--wp--preset--spacing--30);padding-bottom:var(--wp--preset--spacing--30);padding-left:var(--wp--preset--spacing--50);padding-right:var(--wp--preset--spacing--50);\" class=\"has-link-color wp-elements-6059ad9495184536815c35f3e2e46a20 wp-block-post-title\"><a href=\"https:\/\/toolboxb2b.com\/fr\/academie\/automatisation\/automatisation-des-processus-de-vente-b2b-un-guide-complet\/quand-lautomatisation-devient-evolutive\/\" target=\"_self\" >Quand l&rsquo;automatisation devient \u00e9volutive<\/a><\/h5>\n<\/li><li class=\"wp-block-post post-5096 page type-page status-publish hentry\">\n<h5 style=\"line-height:1.5;text-decoration:underline; padding-top:var(--wp--preset--spacing--30);padding-bottom:var(--wp--preset--spacing--30);padding-left:var(--wp--preset--spacing--50);padding-right:var(--wp--preset--spacing--50);\" class=\"has-link-color wp-elements-6059ad9495184536815c35f3e2e46a20 wp-block-post-title\"><a href=\"https:\/\/toolboxb2b.com\/fr\/academie\/automatisation\/automatisation-des-processus-de-vente-b2b-un-guide-complet\/automatisation-des-processus-de-vente-b2b-comment-ameliorer-lefficacite\/toolbox-b2b-automatisation-des-processus-de-vente-b2b\/\" target=\"_self\" >Toolbox B2B : Automatisation des processus de vente B2B<\/a><\/h5>\n<\/li><\/ul><\/div>\n\n\n<style>.kb-row-layout-id5151_c24bfd-11 > .kt-row-column-wrap{align-content:start;}:where(.kb-row-layout-id5151_c24bfd-11 > .kt-row-column-wrap) > .wp-block-kadence-column{justify-content:start;}.kb-row-layout-id5151_c24bfd-11 > .kt-row-column-wrap{column-gap:var(--global-kb-gap-md, 2rem);row-gap:var(--global-kb-gap-md, 2rem);padding-top:var(--global-kb-spacing-sm, 1.5rem);padding-bottom:var(--global-kb-spacing-sm, 1.5rem);grid-template-columns:repeat(2, minmax(0, 1fr));}.kb-row-layout-id5151_c24bfd-11 > .kt-row-layout-overlay{opacity:0.30;}@media all and (max-width: 1024px){.kb-row-layout-id5151_c24bfd-11 > .kt-row-column-wrap{grid-template-columns:repeat(2, minmax(0, 1fr));}}@media all and (max-width: 767px){.kb-row-layout-id5151_c24bfd-11 > .kt-row-column-wrap{grid-template-columns:minmax(0, 1fr);}}<\/style><div class=\"kb-row-layout-wrap kb-row-layout-id5151_c24bfd-11 alignnone wp-block-kadence-rowlayout\"><div class=\"kt-row-column-wrap kt-has-2-columns kt-row-layout-equal kt-tab-layout-inherit kt-mobile-layout-row kt-row-valign-top\">\n\n<div class=\"wp-block-kadence-column\"><div class=\"kt-inside-inner-col\"><\/div><\/div>\n\n\n\n<div class=\"wp-block-kadence-column\"><div class=\"kt-inside-inner-col\"><\/div><\/div>\n\n<\/div><\/div>","protected":false},"excerpt":{"rendered":"<p>Quand l&rsquo;automatisation devient \u00e9volutive Dans le domaine du B2B, la croissance est synonyme de complexit\u00e9. Plus de clients, plus de commandes, plus de variables. Sans automatisation, il devient difficile de passer \u00e0 l&rsquo;\u00e9chelle sup\u00e9rieure. L&rsquo;automatisation, base de la croissance L&rsquo;automatisation permet de Du contr\u00f4le \u00e0 la pr\u00e9vision Avec des processus automatis\u00e9s, c&rsquo;est plus facile :&#8230;<\/p>\n","protected":false},"author":2,"featured_media":0,"parent":5160,"menu_order":0,"comment_status":"closed","ping_status":"closed","template":"","meta":{"content-type":"","_kadence_starter_templates_imported_post":false,"_kad_post_transparent":"","_kad_post_title":"","_kad_post_layout":"","_kad_post_sidebar_id":"","_kad_post_content_style":"","_kad_post_vertical_padding":"","_kad_post_feature":"","_kad_post_feature_position":"","_kad_post_header":false,"_kad_post_footer":false,"_kad_post_classname":"","footnotes":""},"class_list":["post-5151","page","type-page","status-publish","hentry"],"yoast_head":"<!-- This site is optimized with the Yoast SEO plugin v27.3 - https:\/\/yoast.com\/product\/yoast-seo-wordpress\/ -->\n<title>Quand l&#039;automatisation devient \u00e9volutive<\/title>\n<meta name=\"description\" content=\"D\u00e9couvrez quand et comment l\u2019automatisation des processus B2B devient \u00e9volutive, permettant de g\u00e9rer plus de clients et de commandes.\" \/>\n<meta name=\"robots\" content=\"index, follow, max-snippet:-1, max-image-preview:large, max-video-preview:-1\" \/>\n<link rel=\"canonical\" href=\"https:\/\/toolboxb2b.com\/fr\/academie\/automatisation\/automatisation-des-processus-de-vente-b2b-un-guide-complet\/quand-lautomatisation-devient-evolutive\/\" \/>\n<meta property=\"og:locale\" content=\"fr_FR\" \/>\n<meta property=\"og:type\" content=\"article\" \/>\n<meta property=\"og:title\" content=\"Quand l&#039;automatisation devient \u00e9volutive\" \/>\n<meta property=\"og:description\" content=\"D\u00e9couvrez quand et comment l\u2019automatisation des processus B2B devient \u00e9volutive, permettant de g\u00e9rer plus de clients et de commandes.\" \/>\n<meta property=\"og:url\" content=\"https:\/\/toolboxb2b.com\/fr\/academie\/automatisation\/automatisation-des-processus-de-vente-b2b-un-guide-complet\/quand-lautomatisation-devient-evolutive\/\" \/>\n<meta property=\"og:site_name\" content=\"Toolbox B2B\" \/>\n<meta property=\"article:publisher\" content=\"https:\/\/www.facebook.com\/weblink.it\" \/>\n<meta property=\"article:modified_time\" content=\"2026-04-02T10:16:36+00:00\" \/>\n<meta name=\"twitter:card\" content=\"summary_large_image\" \/>\n<meta name=\"twitter:label1\" content=\"Dur\u00e9e de lecture estim\u00e9e\" \/>\n\t<meta name=\"twitter:data1\" content=\"1 minute\" \/>\n<script type=\"application\/ld+json\" class=\"yoast-schema-graph\">{\"@context\":\"https:\\\/\\\/schema.org\",\"@graph\":[{\"@type\":\"WebPage\",\"@id\":\"https:\\\/\\\/toolboxb2b.com\\\/fr\\\/academie\\\/automatisation\\\/automatisation-des-processus-de-vente-b2b-un-guide-complet\\\/quand-lautomatisation-devient-evolutive\\\/\",\"url\":\"https:\\\/\\\/toolboxb2b.com\\\/fr\\\/academie\\\/automatisation\\\/automatisation-des-processus-de-vente-b2b-un-guide-complet\\\/quand-lautomatisation-devient-evolutive\\\/\",\"name\":\"Quand l'automatisation devient \u00e9volutive\",\"isPartOf\":{\"@id\":\"https:\\\/\\\/toolboxb2b.com\\\/fr\\\/#website\"},\"datePublished\":\"2026-02-09T08:35:23+00:00\",\"dateModified\":\"2026-04-02T10:16:36+00:00\",\"description\":\"D\u00e9couvrez quand et comment l\u2019automatisation des processus B2B devient \u00e9volutive, permettant de g\u00e9rer plus de clients et de commandes.\",\"breadcrumb\":{\"@id\":\"https:\\\/\\\/toolboxb2b.com\\\/fr\\\/academie\\\/automatisation\\\/automatisation-des-processus-de-vente-b2b-un-guide-complet\\\/quand-lautomatisation-devient-evolutive\\\/#breadcrumb\"},\"inLanguage\":\"fr-FR\",\"potentialAction\":[{\"@type\":\"ReadAction\",\"target\":[\"https:\\\/\\\/toolboxb2b.com\\\/fr\\\/academie\\\/automatisation\\\/automatisation-des-processus-de-vente-b2b-un-guide-complet\\\/quand-lautomatisation-devient-evolutive\\\/\"]}]},{\"@type\":\"BreadcrumbList\",\"@id\":\"https:\\\/\\\/toolboxb2b.com\\\/fr\\\/academie\\\/automatisation\\\/automatisation-des-processus-de-vente-b2b-un-guide-complet\\\/quand-lautomatisation-devient-evolutive\\\/#breadcrumb\",\"itemListElement\":[{\"@type\":\"ListItem\",\"position\":1,\"name\":\"Home\",\"item\":\"https:\\\/\\\/toolboxb2b.com\\\/fr\\\/\"},{\"@type\":\"ListItem\",\"position\":2,\"name\":\"Acad\u00e9mie\",\"item\":\"https:\\\/\\\/toolboxb2b.com\\\/fr\\\/academie\\\/\"},{\"@type\":\"ListItem\",\"position\":3,\"name\":\"Automatisation\",\"item\":\"https:\\\/\\\/toolboxb2b.com\\\/fr\\\/academie\\\/automatisation\\\/\"},{\"@type\":\"ListItem\",\"position\":4,\"name\":\"Automatisation des processus de vente B2B : un guide complet\",\"item\":\"https:\\\/\\\/toolboxb2b.com\\\/fr\\\/academie\\\/automatisation\\\/automatisation-des-processus-de-vente-b2b-un-guide-complet\\\/\"},{\"@type\":\"ListItem\",\"position\":5,\"name\":\"Quand l&#8217;automatisation devient \u00e9volutive\"}]},{\"@type\":\"WebSite\",\"@id\":\"https:\\\/\\\/toolboxb2b.com\\\/fr\\\/#website\",\"url\":\"https:\\\/\\\/toolboxb2b.com\\\/fr\\\/\",\"name\":\"Toolbox B2B\",\"description\":\"Piattaforma e-commerce B2B per l&#039;industria e la distribuzione\",\"publisher\":{\"@id\":\"https:\\\/\\\/toolboxb2b.com\\\/fr\\\/#organization\"},\"potentialAction\":[{\"@type\":\"SearchAction\",\"target\":{\"@type\":\"EntryPoint\",\"urlTemplate\":\"https:\\\/\\\/toolboxb2b.com\\\/fr\\\/?s={search_term_string}\"},\"query-input\":{\"@type\":\"PropertyValueSpecification\",\"valueRequired\":true,\"valueName\":\"search_term_string\"}}],\"inLanguage\":\"fr-FR\"},{\"@type\":\"Organization\",\"@id\":\"https:\\\/\\\/toolboxb2b.com\\\/fr\\\/#organization\",\"name\":\"Weblink Srl\",\"url\":\"https:\\\/\\\/toolboxb2b.com\\\/fr\\\/\",\"logo\":{\"@type\":\"ImageObject\",\"inLanguage\":\"fr-FR\",\"@id\":\"https:\\\/\\\/toolboxb2b.com\\\/fr\\\/#\\\/schema\\\/logo\\\/image\\\/\",\"url\":\"https:\\\/\\\/toolboxb2b.com\\\/wp-content\\\/uploads\\\/toolbox-b2b-logo.svg\",\"contentUrl\":\"https:\\\/\\\/toolboxb2b.com\\\/wp-content\\\/uploads\\\/toolbox-b2b-logo.svg\",\"caption\":\"Weblink Srl\"},\"image\":{\"@id\":\"https:\\\/\\\/toolboxb2b.com\\\/fr\\\/#\\\/schema\\\/logo\\\/image\\\/\"},\"sameAs\":[\"https:\\\/\\\/www.facebook.com\\\/weblink.it\",\"https:\\\/\\\/www.linkedin.com\\\/company\\\/weblink\",\"https:\\\/\\\/www.youtube.com\\\/@weblinksrl\\\/\",\"https:\\\/\\\/instagram.com\\\/weblinksrl\\\/\"]}]}<\/script>\n<!-- \/ Yoast SEO plugin. -->","yoast_head_json":{"title":"Quand l'automatisation devient \u00e9volutive","description":"D\u00e9couvrez quand et comment l\u2019automatisation des processus B2B devient \u00e9volutive, permettant de g\u00e9rer plus de clients et de commandes.","robots":{"index":"index","follow":"follow","max-snippet":"max-snippet:-1","max-image-preview":"max-image-preview:large","max-video-preview":"max-video-preview:-1"},"canonical":"https:\/\/toolboxb2b.com\/fr\/academie\/automatisation\/automatisation-des-processus-de-vente-b2b-un-guide-complet\/quand-lautomatisation-devient-evolutive\/","og_locale":"fr_FR","og_type":"article","og_title":"Quand l'automatisation devient \u00e9volutive","og_description":"D\u00e9couvrez quand et comment l\u2019automatisation des processus B2B devient \u00e9volutive, permettant de g\u00e9rer plus de clients et de commandes.","og_url":"https:\/\/toolboxb2b.com\/fr\/academie\/automatisation\/automatisation-des-processus-de-vente-b2b-un-guide-complet\/quand-lautomatisation-devient-evolutive\/","og_site_name":"Toolbox B2B","article_publisher":"https:\/\/www.facebook.com\/weblink.it","article_modified_time":"2026-04-02T10:16:36+00:00","twitter_card":"summary_large_image","twitter_misc":{"Dur\u00e9e de lecture estim\u00e9e":"1 minute"},"schema":{"@context":"https:\/\/schema.org","@graph":[{"@type":"WebPage","@id":"https:\/\/toolboxb2b.com\/fr\/academie\/automatisation\/automatisation-des-processus-de-vente-b2b-un-guide-complet\/quand-lautomatisation-devient-evolutive\/","url":"https:\/\/toolboxb2b.com\/fr\/academie\/automatisation\/automatisation-des-processus-de-vente-b2b-un-guide-complet\/quand-lautomatisation-devient-evolutive\/","name":"Quand l'automatisation devient \u00e9volutive","isPartOf":{"@id":"https:\/\/toolboxb2b.com\/fr\/#website"},"datePublished":"2026-02-09T08:35:23+00:00","dateModified":"2026-04-02T10:16:36+00:00","description":"D\u00e9couvrez quand et comment l\u2019automatisation des processus B2B devient \u00e9volutive, permettant de g\u00e9rer plus de clients et de commandes.","breadcrumb":{"@id":"https:\/\/toolboxb2b.com\/fr\/academie\/automatisation\/automatisation-des-processus-de-vente-b2b-un-guide-complet\/quand-lautomatisation-devient-evolutive\/#breadcrumb"},"inLanguage":"fr-FR","potentialAction":[{"@type":"ReadAction","target":["https:\/\/toolboxb2b.com\/fr\/academie\/automatisation\/automatisation-des-processus-de-vente-b2b-un-guide-complet\/quand-lautomatisation-devient-evolutive\/"]}]},{"@type":"BreadcrumbList","@id":"https:\/\/toolboxb2b.com\/fr\/academie\/automatisation\/automatisation-des-processus-de-vente-b2b-un-guide-complet\/quand-lautomatisation-devient-evolutive\/#breadcrumb","itemListElement":[{"@type":"ListItem","position":1,"name":"Home","item":"https:\/\/toolboxb2b.com\/fr\/"},{"@type":"ListItem","position":2,"name":"Acad\u00e9mie","item":"https:\/\/toolboxb2b.com\/fr\/academie\/"},{"@type":"ListItem","position":3,"name":"Automatisation","item":"https:\/\/toolboxb2b.com\/fr\/academie\/automatisation\/"},{"@type":"ListItem","position":4,"name":"Automatisation des processus de vente B2B : un guide complet","item":"https:\/\/toolboxb2b.com\/fr\/academie\/automatisation\/automatisation-des-processus-de-vente-b2b-un-guide-complet\/"},{"@type":"ListItem","position":5,"name":"Quand l&#8217;automatisation devient \u00e9volutive"}]},{"@type":"WebSite","@id":"https:\/\/toolboxb2b.com\/fr\/#website","url":"https:\/\/toolboxb2b.com\/fr\/","name":"Toolbox B2B","description":"Piattaforma e-commerce B2B per l&#039;industria e la distribuzione","publisher":{"@id":"https:\/\/toolboxb2b.com\/fr\/#organization"},"potentialAction":[{"@type":"SearchAction","target":{"@type":"EntryPoint","urlTemplate":"https:\/\/toolboxb2b.com\/fr\/?s={search_term_string}"},"query-input":{"@type":"PropertyValueSpecification","valueRequired":true,"valueName":"search_term_string"}}],"inLanguage":"fr-FR"},{"@type":"Organization","@id":"https:\/\/toolboxb2b.com\/fr\/#organization","name":"Weblink Srl","url":"https:\/\/toolboxb2b.com\/fr\/","logo":{"@type":"ImageObject","inLanguage":"fr-FR","@id":"https:\/\/toolboxb2b.com\/fr\/#\/schema\/logo\/image\/","url":"https:\/\/toolboxb2b.com\/wp-content\/uploads\/toolbox-b2b-logo.svg","contentUrl":"https:\/\/toolboxb2b.com\/wp-content\/uploads\/toolbox-b2b-logo.svg","caption":"Weblink Srl"},"image":{"@id":"https:\/\/toolboxb2b.com\/fr\/#\/schema\/logo\/image\/"},"sameAs":["https:\/\/www.facebook.com\/weblink.it","https:\/\/www.linkedin.com\/company\/weblink","https:\/\/www.youtube.com\/@weblinksrl\/","https:\/\/instagram.com\/weblinksrl\/"]}]}},"_links":{"self":[{"href":"https:\/\/toolboxb2b.com\/fr\/wp-json\/wp\/v2\/pages\/5151","targetHints":{"allow":["GET"]}}],"collection":[{"href":"https:\/\/toolboxb2b.com\/fr\/wp-json\/wp\/v2\/pages"}],"about":[{"href":"https:\/\/toolboxb2b.com\/fr\/wp-json\/wp\/v2\/types\/page"}],"author":[{"embeddable":true,"href":"https:\/\/toolboxb2b.com\/fr\/wp-json\/wp\/v2\/users\/2"}],"replies":[{"embeddable":true,"href":"https:\/\/toolboxb2b.com\/fr\/wp-json\/wp\/v2\/comments?post=5151"}],"version-history":[{"count":2,"href":"https:\/\/toolboxb2b.com\/fr\/wp-json\/wp\/v2\/pages\/5151\/revisions"}],"predecessor-version":[{"id":5669,"href":"https:\/\/toolboxb2b.com\/fr\/wp-json\/wp\/v2\/pages\/5151\/revisions\/5669"}],"up":[{"embeddable":true,"href":"https:\/\/toolboxb2b.com\/fr\/wp-json\/wp\/v2\/pages\/5160"}],"wp:attachment":[{"href":"https:\/\/toolboxb2b.com\/fr\/wp-json\/wp\/v2\/media?parent=5151"}],"curies":[{"name":"wp","href":"https:\/\/api.w.org\/{rel}","templated":true}]}}